{"id":39,"date":"2017-08-23T21:23:52","date_gmt":"2017-08-23T19:23:52","guid":{"rendered":"http:\/\/mizuwari.fr\/?page_id=39"},"modified":"2017-08-26T19:41:50","modified_gmt":"2017-08-26T17:41:50","slug":"about","status":"publish","type":"page","link":"https:\/\/mizuwari.fr\/index.php\/about\/","title":{"rendered":"\u00c0 propos"},"content":{"rendered":"<h1>Qu&rsquo;est-ce que Mizuwari.fr ?<\/h1>\n<p>Sur <a href=\"http:\/\/www.mizuwari.fr\">Mizuwari<\/a>, vous trouverez des informations plus ou moins utiles sur l&rsquo;actualit\u00e9 de la photographie, et plus sp\u00e9cifiquement sur le mat\u00e9riel de prise de vue, avec un focus tout particulier sur les derni\u00e8res sorties, mais aussi des dossiers plus froids relatifs au march\u00e9 de la photographie et son multivers de mani\u00e8re g\u00e9n\u00e9rale. Appareils photographiques du compact au reflex, smartphones \u00e0 simple, double, quintuple capteurs, objectifs, il y en a pour tous les go\u00fbts. <a href=\"http:\/\/www.mizuwari.fr\">Mizuwari<\/a> est un blog \u00e0 contributeur unique, moi-m\u00eame, mais, n&rsquo;exclue pas l&rsquo;intervention plus ou moins r\u00e9guli\u00e8re d&rsquo;intervenants ext\u00e9rieurs, passionn\u00e9s et sp\u00e9cialistes de la photographie (ou d&rsquo;autres choses, je ne suis pas sectaire).<\/p>\n<h1>Pourquoi \u00ab\u00a0Mizuwari.fr\u00a0\u00bb et pas \u00ab\u00a0laphotocestcoolmangezen.fr\u00a0\u00bb ?<\/h1>\n<p>Parce que le nom de domaine \u00e9tait libre et que \u00e7a n&rsquo;avait aucun rapport avec la photographie. Parce que \u00ab\u00a0laphotocestcoolmangezen.fr\u00a0\u00bb, c&rsquo;est cool, mangez-en, mais peut-\u00eatre un peu long. Et puis, des blogs photo avec le mot \u00ab\u00a0photo\u00a0\u00bb dedans, il y en a d\u00e9j\u00e0 une tripot\u00e9e&#8230;<\/p>\n<h1>Qui suis-je ?<\/h1>\n<p>Mon nom est Labarb\u00e8re. Bruno Labarb\u00e8re. Je ne suis pas vraiment fan de vodka-Martini mais il se trouve que je suis depuis 2013 chef de la rubrique photo des <em><a href=\"http:\/\/www.lesnumeriques.com\/photo-c10.html\">Num\u00e9riques<\/a><\/em>. C&rsquo;est un petit site sympa, vous devriez y faire un tour, nous y racontons des choses pas mal et en plus on me paye pour y raconter mes \u00e9lucubrations.<\/p>\n<h1>Pourquoi s&#8217;emb\u00eater \u00e0 tenir un ni\u00e8me blog high-tech ind\u00e9pendant consacr\u00e9 \u00e0 la photographie ?<\/h1>\n<p>Parce que j&rsquo;en ai toujours eu envie sans pouvoir y consacrer le temps, et qu&rsquo;avec la crise de la trentaine je me suis dit qu&rsquo;il serait temps de prendre le temps d&rsquo;avoir du temps pour faire un truc sympa de mon temps libre afin de discuter de mon passe-temps favori et approfondir certains sujets abord\u00e9s sur <em>Les Num\u00e9riques<\/em>, m\u00eame si cela ne doit se faire que de temps en temps. \u00c7a c&rsquo;est pour la raison officielle.<\/p>\n<p>Pour la raison officieuse, <del>j&rsquo;ai vu de la lumi\u00e8re je suis entr\u00e9,<\/del>\u00a0<del>je r\u00eave de devenir millionnaire et un blog est la mani\u00e8re la plus simple d&rsquo;y parvenir,<\/del> il se trouve que certains des th\u00e8mes que je d\u00e9sire aborder ici et qui me tiennent \u00e0 c\u0153ur ne sont pas compatibles avec la ligne \u00e9ditoriale des <em>Num\u00e9riques<\/em>. Ou alors il s&rsquo;agit de sujets d\u00e9j\u00e0 trait\u00e9s par un coll\u00e8gue auxquels je souhaite apporter mon propre \u00e9clairage (aux sujets, pas au coll\u00e8gue). Ou alors, comme d\u00e9j\u00e0 \u00e9voqu\u00e9, ce sera pour apporter des informations compl\u00e9mentaires aux articles que je publierais d\u00e9j\u00e0 sur <em>Les Num\u00e9riques<\/em> o\u00f9 je suis tenu par une limite de signes \u2013 m\u00eame s&rsquo;il me faut avouer que je la d\u00e9passe r\u00e9guli\u00e8rement all\u00e8grement.<\/p>\n<p>Enfin, l&rsquo;ultime raison tient en un mot : ind\u00e9pendance. Ici, je ne parle plus au nom de \u00ab\u00a0Bruno Labarb\u00e8re, journaliste des Num\u00e9riques\u00a0\u00bb, avec tous les enjeux politiques que cela implique vis \u00e0 vis de tel ou tel constructeur, toutes les sensibilit\u00e9s \u00e0 m\u00e9nager, mais en mon nom propre. Ce qui me permettra par exemple d&rsquo;\u00e9crire \u00ab\u00a0c&rsquo;est de la merde\u00a0\u00bb. Sans rire. Et puis, avoir son propre blog, c&rsquo;est la libert\u00e9 de faire des jeux de mots pourris, d&rsquo;ins\u00e9rer des r\u00e9f\u00e9rences culturelles honteuses, d&rsquo;exploiter des arguments capillotract\u00e9s et de d\u00e9cr\u00e9ter que l&rsquo;\u00e9l\u00e9phant est plus fort que l&rsquo;hippopotame. C&rsquo;est mon blog, c&rsquo;est moi le boss, c&rsquo;est moi qui choise.<\/p>\n<h1>Quels sont mes projets ?<\/h1>\n<p>Dans l&rsquo;imm\u00e9diat ? \u00catre heureux, ne pas \u00eatre la cause du malheur d&rsquo;autrui et sauver le monde. D&rsquo;autres questions ? Ah, si. Je suis actuellement en train de me former au montage vid\u00e9o, parce qu&rsquo;il para\u00eet qu&rsquo;une bonne vid\u00e9o ne peut pas nuire en compl\u00e9ment d&rsquo;un long texte. Mais l\u00e0, franchement, je ne sais pas ce que je compte en faire \u00e0 court terme. La la la&#8230;<\/p>\n<p>&nbsp;<\/p>\n<p>&nbsp;<\/p>\n","protected":false},"excerpt":{"rendered":"<p>Qu&rsquo;est-ce que Mizuwari.fr ? Sur Mizuwari, vous trouverez des informations plus ou moins utiles sur l&rsquo;actualit\u00e9 de la photographie, et plus sp\u00e9cifiquement sur le mat\u00e9riel de prise de vue, avec un focus tout particulier sur les derni\u00e8res sorties, mais aussi des dossiers [&hellip;]<\/p>\n","protected":false},"author":1,"featured_media":0,"parent":0,"menu_order":0,"comment_status":"closed","ping_status":"closed","template":"","meta":[],"yoast_head":"<!-- This site is optimized with the Yoast SEO plugin v16.1.1 - https:\/\/yoast.com\/wordpress\/plugins\/seo\/ -->\n<title>\u00c0 propos - Mizuwari<\/title>\n<link rel=\"canonical\" href=\"https:\/\/mizuwari.fr\/index.php\/about\/\" \/>\n<meta property=\"og:locale\" content=\"fr_FR\" \/>\n<meta property=\"og:type\" content=\"article\" \/>\n<meta property=\"og:title\" content=\"\u00c0 propos - Mizuwari\" \/>\n<meta property=\"og:description\" content=\"Qu&rsquo;est-ce que Mizuwari.fr ? Sur Mizuwari, vous trouverez des informations plus ou moins utiles sur l&rsquo;actualit\u00e9 de la photographie, et plus sp\u00e9cifiquement sur le mat\u00e9riel de prise de vue, avec un focus tout particulier sur les derni\u00e8res sorties, mais aussi des dossiers [&hellip;]\" \/>\n<meta property=\"og:url\" content=\"https:\/\/mizuwari.fr\/index.php\/about\/\" \/>\n<meta property=\"og:site_name\" content=\"Mizuwari\" \/>\n<meta property=\"article:publisher\" content=\"https:\/\/www.facebook.com\/MizuwariPhoto\/\" \/>\n<meta property=\"article:modified_time\" content=\"2017-08-26T17:41:50+00:00\" \/>\n<meta property=\"og:image\" content=\"https:\/\/mizuwari.fr\/wp-content\/uploads\/2017\/09\/Mizuwari_Logo_Title_400px.png\" \/>\n\t<meta property=\"og:image:width\" content=\"1334\" \/>\n\t<meta property=\"og:image:height\" content=\"400\" \/>\n<meta name=\"twitter:card\" content=\"summary_large_image\" \/>\n<meta name=\"twitter:site\" content=\"@Mizuwari_Photo\" \/>\n<meta name=\"twitter:label1\" content=\"Dur\u00e9e de lecture est.\">\n\t<meta name=\"twitter:data1\" content=\"3 minutes\">\n<script type=\"application\/ld+json\" class=\"yoast-schema-graph\">{\"@context\":\"https:\/\/schema.org\",\"@graph\":[{\"@type\":\"WebSite\",\"@id\":\"https:\/\/mizuwari.fr\/#website\",\"url\":\"https:\/\/mizuwari.fr\/\",\"name\":\"Mizuwari\",\"description\":\"La photo, c&#039;est bon. Mangez-en.\",\"potentialAction\":[{\"@type\":\"SearchAction\",\"target\":\"https:\/\/mizuwari.fr\/?s={search_term_string}\",\"query-input\":\"required name=search_term_string\"}],\"inLanguage\":\"fr-FR\"},{\"@type\":\"WebPage\",\"@id\":\"https:\/\/mizuwari.fr\/index.php\/about\/#webpage\",\"url\":\"https:\/\/mizuwari.fr\/index.php\/about\/\",\"name\":\"\\u00c0 propos - Mizuwari\",\"isPartOf\":{\"@id\":\"https:\/\/mizuwari.fr\/#website\"},\"datePublished\":\"2017-08-23T19:23:52+00:00\",\"dateModified\":\"2017-08-26T17:41:50+00:00\",\"breadcrumb\":{\"@id\":\"https:\/\/mizuwari.fr\/index.php\/about\/#breadcrumb\"},\"inLanguage\":\"fr-FR\",\"potentialAction\":[{\"@type\":\"ReadAction\",\"target\":[\"https:\/\/mizuwari.fr\/index.php\/about\/\"]}]},{\"@type\":\"BreadcrumbList\",\"@id\":\"https:\/\/mizuwari.fr\/index.php\/about\/#breadcrumb\",\"itemListElement\":[{\"@type\":\"ListItem\",\"position\":1,\"item\":{\"@type\":\"WebPage\",\"@id\":\"https:\/\/mizuwari.fr\/\",\"url\":\"https:\/\/mizuwari.fr\/\",\"name\":\"Accueil\"}},{\"@type\":\"ListItem\",\"position\":2,\"item\":{\"@type\":\"WebPage\",\"@id\":\"https:\/\/mizuwari.fr\/index.php\/about\/\",\"url\":\"https:\/\/mizuwari.fr\/index.php\/about\/\",\"name\":\"\\u00c0 propos\"}}]}]}<\/script>\n<!-- \/ Yoast SEO plugin. -->","_links":{"self":[{"href":"https:\/\/mizuwari.fr\/index.php\/wp-json\/wp\/v2\/pages\/39"}],"collection":[{"href":"https:\/\/mizuwari.fr\/index.php\/wp-json\/wp\/v2\/pages"}],"about":[{"href":"https:\/\/mizuwari.fr\/index.php\/wp-json\/wp\/v2\/types\/page"}],"author":[{"embeddable":true,"href":"https:\/\/mizuwari.fr\/index.php\/wp-json\/wp\/v2\/users\/1"}],"replies":[{"embeddable":true,"href":"https:\/\/mizuwari.fr\/index.php\/wp-json\/wp\/v2\/comments?post=39"}],"version-history":[{"count":15,"href":"https:\/\/mizuwari.fr\/index.php\/wp-json\/wp\/v2\/pages\/39\/revisions"}],"predecessor-version":[{"id":105,"href":"https:\/\/mizuwari.fr\/index.php\/wp-json\/wp\/v2\/pages\/39\/revisions\/105"}],"wp:attachment":[{"href":"https:\/\/mizuwari.fr\/index.php\/wp-json\/wp\/v2\/media?parent=39"}],"curies":[{"name":"wp","href":"https:\/\/api.w.org\/{rel}","templated":true}]}}