{"id":120,"date":"2017-09-01T20:44:26","date_gmt":"2017-09-01T18:44:26","guid":{"rendered":"http:\/\/mizuwari.fr\/?page_id=120"},"modified":"2017-09-01T20:52:34","modified_gmt":"2017-09-01T18:52:34","slug":"me-contacter","status":"publish","type":"page","link":"https:\/\/mizuwari.fr\/index.php\/me-contacter\/","title":{"rendered":"Me contacter"},"content":{"rendered":"<p>Vous avez rep\u00e9r\u00e9 une coquille dans un article ? Une impr\u00e9cision technique ? Vous avez besoin de plus de d\u00e9tails, d\u00e9sirez discuter le bout de gras, connaissez la r\u00e9ponse \u00e0 la grande question, de la Vie, l&rsquo;Univers et le reste ? Vous d\u00e9sirez proposer un partenariat ou juste m&rsquo;exprimer \u00e0 quel point vous m&rsquo;aimez (ou me d\u00e9testez) ? Contactez-moi via le formulaire ci-dessous. Si vous d\u00e9sirez soutenir le blog, rendez-vous sur la page <span style=\"color: #a4002a;\"><a href=\"http:\/\/mizuwari.fr\/index.php\/soutenez-le-blog\/\"><strong>\u00ab\u00a0Soutenez le blog\u00a0\u00bb<\/strong><\/a><\/span>.<\/p>\n<div role=\"form\" class=\"wpcf7\" id=\"wpcf7-f112-o1\" lang=\"fr-FR\" dir=\"ltr\">\n<div class=\"screen-reader-response\"><p role=\"status\" aria-live=\"polite\" aria-atomic=\"true\"><\/p> <ul><\/ul><\/div>\n<form action=\"\/index.php\/wp-json\/wp\/v2\/pages\/120#wpcf7-f112-o1\" method=\"post\" class=\"wpcf7-form init\" novalidate=\"novalidate\" data-status=\"init\">\n<div style=\"display: none;\">\n<input type=\"hidden\" name=\"_wpcf7\" value=\"112\" \/>\n<input type=\"hidden\" name=\"_wpcf7_version\" value=\"5.4\" \/>\n<input type=\"hidden\" name=\"_wpcf7_locale\" value=\"fr_FR\" \/>\n<input type=\"hidden\" name=\"_wpcf7_unit_tag\" value=\"wpcf7-f112-o1\" \/>\n<input type=\"hidden\" name=\"_wpcf7_container_post\" value=\"0\" \/>\n<input type=\"hidden\" name=\"_wpcf7_posted_data_hash\" value=\"\" \/>\n<\/div>\n<p><label> Votre nom (obligatoire)<br \/>\n    <span class=\"wpcf7-form-control-wrap your-name\"><input type=\"text\" name=\"your-name\" value=\"\" size=\"40\" class=\"wpcf7-form-control wpcf7-text wpcf7-validates-as-required\" aria-required=\"true\" aria-invalid=\"false\" \/><\/span> <\/label><\/p>\n<p><label> Votre e-mail (obligatoire)<br \/>\n    <span class=\"wpcf7-form-control-wrap your-email\"><input type=\"email\" name=\"your-email\" value=\"\" size=\"40\" class=\"wpcf7-form-control wpcf7-text wpcf7-email wpcf7-validates-as-required wpcf7-validates-as-email\" aria-required=\"true\" aria-invalid=\"false\" \/><\/span> <\/label><\/p>\n<p><label>Sujet<br \/>\n<span class=\"wpcf7-form-control-wrap Sujet\"><select name=\"Sujet[]\" class=\"wpcf7-form-control wpcf7-select\" aria-invalid=\"false\" multiple=\"multiple\"><option value=\"\">---<\/option><option value=\"Oups, il y a une coquille.\">Oups, il y a une coquille.<\/option><option value=\"Suggestion de sujet.\">Suggestion de sujet.<\/option><option value=\"Je n&#039;ai pas compris...\">Je n&#039;ai pas compris...<\/option><option value=\"Je connais la r\u00e9ponse \u00e0 la grande question de la Vie, l&#039;Univers et le Reste.\">Je connais la r\u00e9ponse \u00e0 la grande question de la Vie, l&#039;Univers et le Reste.<\/option><option value=\"J&#039;ai une proposition de partenariat.\">J&#039;ai une proposition de partenariat.<\/option><option value=\"Je t&#039;aime.\">Je t&#039;aime.<\/option><option value=\"Meurs, pourriture de communiste.\">Meurs, pourriture de communiste.<\/option><option value=\"Quand est-ce qu&#039;on mange ?\">Quand est-ce qu&#039;on mange ?<\/option><\/select><\/span> <\/label><\/p>\n<p><label> Votre message<br \/>\n    <span class=\"wpcf7-form-control-wrap your-message\"><textarea name=\"your-message\" cols=\"40\" rows=\"10\" class=\"wpcf7-form-control wpcf7-textarea\" aria-invalid=\"false\"><\/textarea><\/span> <\/label><\/p>\n<div class=\"g-recaptcha\" data-sitekey=\"6Lefhi4UAAAAAFQZ687biTbHpVFS4sNB-bD5QWEw\"><\/div>\n<p><input type=\"submit\" value=\"Envoyer\" class=\"wpcf7-form-control wpcf7-submit\" \/><\/p>\n<input type=\"hidden\" id=\"ct_checkjs_cf7_66368270ffd51418ec58bd793f2d9b1b\" name=\"ct_checkjs_cf7\" value=\"0\" \/><div class=\"wpcf7-response-output\" aria-hidden=\"true\"><\/div><\/form><\/div>\n","protected":false},"excerpt":{"rendered":"<p>Vous avez rep\u00e9r\u00e9 une coquille dans un article ? Une impr\u00e9cision technique ? Vous avez besoin de plus de d\u00e9tails, d\u00e9sirez discuter le bout de gras, connaissez la r\u00e9ponse \u00e0 la grande question, de la Vie, l&rsquo;Univers et le reste ? Vous [&hellip;]<\/p>\n","protected":false},"author":1,"featured_media":0,"parent":0,"menu_order":0,"comment_status":"closed","ping_status":"closed","template":"","meta":[],"yoast_head":"<!-- This site is optimized with the Yoast SEO plugin v16.1.1 - https:\/\/yoast.com\/wordpress\/plugins\/seo\/ -->\n<title>Me contacter - Mizuwari<\/title>\n<link rel=\"canonical\" href=\"http:\/\/mizuwari.fr\/index.php\/me-contacter\/\" \/>\n<meta property=\"og:locale\" content=\"fr_FR\" \/>\n<meta property=\"og:type\" content=\"article\" \/>\n<meta property=\"og:title\" content=\"Me contacter - Mizuwari\" \/>\n<meta property=\"og:description\" content=\"Vous avez rep\u00e9r\u00e9 une coquille dans un article ? Une impr\u00e9cision technique ? Vous avez besoin de plus de d\u00e9tails, d\u00e9sirez discuter le bout de gras, connaissez la r\u00e9ponse \u00e0 la grande question, de la Vie, l&rsquo;Univers et le reste ? Vous [&hellip;]\" \/>\n<meta property=\"og:url\" content=\"http:\/\/mizuwari.fr\/index.php\/me-contacter\/\" \/>\n<meta property=\"og:site_name\" content=\"Mizuwari\" \/>\n<meta property=\"article:publisher\" content=\"https:\/\/www.facebook.com\/MizuwariPhoto\/\" \/>\n<meta property=\"article:modified_time\" content=\"2017-09-01T18:52:34+00:00\" \/>\n<meta property=\"og:image\" content=\"https:\/\/mizuwari.fr\/wp-content\/uploads\/2017\/09\/Mizuwari_Logo_Title_400px.png\" \/>\n\t<meta property=\"og:image:width\" content=\"1334\" \/>\n\t<meta property=\"og:image:height\" content=\"400\" \/>\n<meta name=\"twitter:card\" content=\"summary_large_image\" \/>\n<meta name=\"twitter:site\" content=\"@Mizuwari_Photo\" \/>\n<script type=\"application\/ld+json\" class=\"yoast-schema-graph\">{\"@context\":\"https:\/\/schema.org\",\"@graph\":[{\"@type\":\"WebSite\",\"@id\":\"https:\/\/mizuwari.fr\/#website\",\"url\":\"https:\/\/mizuwari.fr\/\",\"name\":\"Mizuwari\",\"description\":\"La photo, c&#039;est bon. Mangez-en.\",\"potentialAction\":[{\"@type\":\"SearchAction\",\"target\":\"https:\/\/mizuwari.fr\/?s={search_term_string}\",\"query-input\":\"required name=search_term_string\"}],\"inLanguage\":\"fr-FR\"},{\"@type\":\"WebPage\",\"@id\":\"http:\/\/mizuwari.fr\/index.php\/me-contacter\/#webpage\",\"url\":\"http:\/\/mizuwari.fr\/index.php\/me-contacter\/\",\"name\":\"Me contacter - Mizuwari\",\"isPartOf\":{\"@id\":\"https:\/\/mizuwari.fr\/#website\"},\"datePublished\":\"2017-09-01T18:44:26+00:00\",\"dateModified\":\"2017-09-01T18:52:34+00:00\",\"breadcrumb\":{\"@id\":\"http:\/\/mizuwari.fr\/index.php\/me-contacter\/#breadcrumb\"},\"inLanguage\":\"fr-FR\",\"potentialAction\":[{\"@type\":\"ReadAction\",\"target\":[\"http:\/\/mizuwari.fr\/index.php\/me-contacter\/\"]}]},{\"@type\":\"BreadcrumbList\",\"@id\":\"http:\/\/mizuwari.fr\/index.php\/me-contacter\/#breadcrumb\",\"itemListElement\":[{\"@type\":\"ListItem\",\"position\":1,\"item\":{\"@type\":\"WebPage\",\"@id\":\"https:\/\/mizuwari.fr\/\",\"url\":\"https:\/\/mizuwari.fr\/\",\"name\":\"Accueil\"}},{\"@type\":\"ListItem\",\"position\":2,\"item\":{\"@type\":\"WebPage\",\"@id\":\"http:\/\/mizuwari.fr\/index.php\/me-contacter\/\",\"url\":\"http:\/\/mizuwari.fr\/index.php\/me-contacter\/\",\"name\":\"Me contacter\"}}]}]}<\/script>\n<!-- \/ Yoast SEO plugin. -->","_links":{"self":[{"href":"https:\/\/mizuwari.fr\/index.php\/wp-json\/wp\/v2\/pages\/120"}],"collection":[{"href":"https:\/\/mizuwari.fr\/index.php\/wp-json\/wp\/v2\/pages"}],"about":[{"href":"https:\/\/mizuwari.fr\/index.php\/wp-json\/wp\/v2\/types\/page"}],"author":[{"embeddable":true,"href":"https:\/\/mizuwari.fr\/index.php\/wp-json\/wp\/v2\/users\/1"}],"replies":[{"embeddable":true,"href":"https:\/\/mizuwari.fr\/index.php\/wp-json\/wp\/v2\/comments?post=120"}],"version-history":[{"count":5,"href":"https:\/\/mizuwari.fr\/index.php\/wp-json\/wp\/v2\/pages\/120\/revisions"}],"predecessor-version":[{"id":125,"href":"https:\/\/mizuwari.fr\/index.php\/wp-json\/wp\/v2\/pages\/120\/revisions\/125"}],"wp:attachment":[{"href":"https:\/\/mizuwari.fr\/index.php\/wp-json\/wp\/v2\/media?parent=120"}],"curies":[{"name":"wp","href":"https:\/\/api.w.org\/{rel}","templated":true}]}}